{"id":8796,"date":"2025-11-10T06:35:37","date_gmt":"2025-11-10T06:35:37","guid":{"rendered":"https:\/\/hasamiartigos.com\/?post_type=product&#038;p=8796"},"modified":"2025-11-10T06:35:37","modified_gmt":"2025-11-10T06:35:37","slug":"black-display-203-x-52-cm-level-3","status":"publish","type":"product","link":"https:\/\/hasamiartigos.com\/pt\/produto\/black-display-203-x-52-cm-level-3\/","title":{"rendered":"BLACK DISPLAY 203 X 52 CM LEVEL 3"},"content":{"rendered":"<p style=\"text-align: left;\"><strong>Portuguese<\/strong><\/p>\n<p><strong>EXPOSITOR PRETO 203 X 52 CM N\u00cdVEL 3<\/strong><br \/>\nExpositor de retalho da marca L3VEL3, EXPOSITOR PRETO 203 X 52 CM N\u00cdVEL 3<\/p>\n<p>A Prateleira Ideal para as Suas Necessidades<br \/>\nCom o Programa de Revendedor Autorizado, receber\u00e1 uma prateleira gratuita, perfeita para expor os nossos produtos na sua barbearia ou sal\u00e3o de beleza. \u00c9 a forma ideal de apresentar os nossos produtos e otimizar o seu espa\u00e7o.<\/p>\n<p>Ap\u00f3s realizar o seu primeiro pedido, receber\u00e1 uma prateleira expositora padr\u00e3o para melhorar a sua configura\u00e7\u00e3o.<\/p>\n<p style=\"text-align: left;\"><!--more--><\/p>\n<p style=\"text-align: left;\"><strong>English<\/strong><\/p>\n<p><strong>BLACK DISPLAY 203 X 52 CM LEVEL 3<\/strong><br \/>\nRetail display rack L3VEL3 brand BLACK DISPLAY 203 X 52 CM LEVEL 3<\/p>\n<p>The Shelf That Matches Your Needs<br \/>\nWith the Authorized Dealer Program, you will receive a complimentary shelf that\u2019s perfect for displaying our products in your barbershop or salon. It\u2019s the ideal way to showcase our products and maximize your space.<\/p>\n<p>Once you place your first order, you will receive a standard display shelf to enhance your setup.<\/p>","protected":false},"excerpt":{"rendered":"<p>Portuguese EXPOSITOR PRETO 203 X 52 CM N\u00cdVEL 3 Expositor de retalho da marca L3VEL3, EXPOSITOR PRETO 203 X 52 CM N\u00cdVEL 3 A Prateleira Ideal para as Suas Necessidades Com o Programa de Revendedor Autorizado, receber\u00e1 uma prateleira gratuita, perfeita para expor os nossos produtos na sua barbearia ou sal\u00e3o de beleza. \u00c9 a [&hellip;]<\/p>","protected":false},"featured_media":8797,"comment_status":"open","ping_status":"closed","template":"","meta":[],"product_brand":[],"product_cat":[130],"product_tag":[],"class_list":{"0":"post-8796","1":"product","2":"type-product","3":"status-publish","4":"has-post-thumbnail","6":"product_cat-l3vel3","8":"first","9":"instock","10":"shipping-taxable","11":"purchasable","12":"product-type-simple"},"acf":[],"_links":{"self":[{"href":"https:\/\/hasamiartigos.com\/pt\/wp-json\/wp\/v2\/product\/8796","targetHints":{"allow":["GET"]}}],"collection":[{"href":"https:\/\/hasamiartigos.com\/pt\/wp-json\/wp\/v2\/product"}],"about":[{"href":"https:\/\/hasamiartigos.com\/pt\/wp-json\/wp\/v2\/types\/product"}],"replies":[{"embeddable":true,"href":"https:\/\/hasamiartigos.com\/pt\/wp-json\/wp\/v2\/comments?post=8796"}],"version-history":[{"count":1,"href":"https:\/\/hasamiartigos.com\/pt\/wp-json\/wp\/v2\/product\/8796\/revisions"}],"predecessor-version":[{"id":8798,"href":"https:\/\/hasamiartigos.com\/pt\/wp-json\/wp\/v2\/product\/8796\/revisions\/8798"}],"wp:featuredmedia":[{"embeddable":true,"href":"https:\/\/hasamiartigos.com\/pt\/wp-json\/wp\/v2\/media\/8797"}],"wp:attachment":[{"href":"https:\/\/hasamiartigos.com\/pt\/wp-json\/wp\/v2\/media?parent=8796"}],"wp:term":[{"taxonomy":"product_brand","embeddable":true,"href":"https:\/\/hasamiartigos.com\/pt\/wp-json\/wp\/v2\/product_brand?post=8796"},{"taxonomy":"product_cat","embeddable":true,"href":"https:\/\/hasamiartigos.com\/pt\/wp-json\/wp\/v2\/product_cat?post=8796"},{"taxonomy":"product_tag","embeddable":true,"href":"https:\/\/hasamiartigos.com\/pt\/wp-json\/wp\/v2\/product_tag?post=8796"}],"curies":[{"name":"wp","href":"https:\/\/api.w.org\/{rel}","templated":true}]}}