{"id":8904,"date":"2025-12-01T06:16:34","date_gmt":"2025-12-01T06:16:34","guid":{"rendered":"https:\/\/hasamiartigos.com\/?post_type=product&#038;p=8904"},"modified":"2025-12-01T06:18:13","modified_gmt":"2025-12-01T06:18:13","slug":"lim-hair-devourer-shaver-shavlim-15k","status":"publish","type":"product","link":"https:\/\/hasamiartigos.com\/pt\/produto\/lim-hair-devourer-shaver-shavlim-15k\/","title":{"rendered":"LIM HAIR DEVOURER SHAVER \u2013 SHAVLIM 15K"},"content":{"rendered":"<p style=\"text-align: left;\"><strong>Portuguese<\/strong><\/p>\n<p><strong>M\u00e1quina de barbear SHAVLIM 15K DEVOURER<\/strong><\/p>\n<p>O SHAVLIM 15K DEVOURER \u00e9 um barbeador profissional de alto desempenho, concebido para satisfazer as exig\u00eancias dos barbeiros mais meticulosos. Equipado com a avan\u00e7ada tecnologia de motor VECTOR e o sistema eletr\u00f3nico de controlo de bin\u00e1rio ATA, este aparelho ajusta automaticamente a sua pot\u00eancia de acordo com a carga de corte, atingindo velocidades entre as 11.000 e as 15.000 RPM.<\/p>\n<p>A sua cabe\u00e7a de l\u00e2mina dupla possui l\u00e2minas hipoalerg\u00e9nicas de a\u00e7o inoxid\u00e1vel 440C com liga de tit\u00e2nio, proporcionando um barbear rente e sem irrita\u00e7\u00e3o. A l\u00e2mina, com um \u00e2ngulo de corte de 30\u00ba, permite um barbear rente em pelos at\u00e9 3 mm de comprimento.<\/p>\n<p>O SHAVLIM 15K DEVOURER oferece uma bateria de l\u00edtio de alta capacidade que garante horas de utiliza\u00e7\u00e3o cont\u00ednua. Al\u00e9m disso, o seu design permite uma utiliza\u00e7\u00e3o sem fios, proporcionando uma maior liberdade de movimentos, e, se necess\u00e1rio, pode ser utilizado ligado \u00e0 tomada. Oferece ainda suporte opcional para carregamento USB-C, proporcionando diversas op\u00e7\u00f5es de recarga.<\/p>\n<p>Este barbeador representa o que h\u00e1 de mais moderno em tecnologia e desempenho para os profissionais que procuram precis\u00e3o e efici\u00eancia em cada barbear.<\/p>\n<p style=\"text-align: left;\"><!--more--><\/p>\n<p style=\"text-align: left;\"><strong>English<\/strong><\/p>\n<p><strong>LIM HAIR DEVOURER SHAVER \u2013 SHAVLIM 15K<\/strong><\/p>\n<p>The SHAVLIM 15k DEVOURER is a high-performance professional shaver designed to meet the demands of the most meticulous barbers. Equipped with advanced VECTOR motor technology and the ATA electronic torque control system, this machine automatically adjusts its power according to the cutting load, reaching speeds between 11,000 and 15,000 RPM.<\/p>\n<p>Its double-blade head features hypoallergenic 440C stainless steel blades with a titanium alloy, providing a close shave without irritation. The blade, with a 30\u00ba cutting angle, allows for a zero-cut shave on hairs up to 3 mm in length.<\/p>\n<p>The SHAVLIM 15k DEVOURER offers a high-capacity lithium battery that guarantees hours of continuous use. Furthermore, its design allows for cordless operation for greater freedom of movement, and if necessary, it can be used while plugged in. It also supports optional USB-C charging, offering versatile recharging options.<\/p>\n<p>This shaver represents the cutting edge of technology and performance for professionals seeking precision and efficiency in every shave.<\/p>","protected":false},"excerpt":{"rendered":"<p>Portuguese M\u00e1quina de barbear SHAVLIM 15K DEVOURER O SHAVLIM 15K DEVOURER \u00e9 um barbeador profissional de alto desempenho, concebido para satisfazer as exig\u00eancias dos barbeiros mais meticulosos. Equipado com a avan\u00e7ada tecnologia de motor VECTOR e o sistema eletr\u00f3nico de controlo de bin\u00e1rio ATA, este aparelho ajusta automaticamente a sua pot\u00eancia de acordo com a [&hellip;]<\/p>","protected":false},"featured_media":8905,"comment_status":"open","ping_status":"closed","template":"","meta":[],"product_brand":[],"product_cat":[112],"product_tag":[137,149,147,148],"class_list":{"0":"post-8904","1":"product","2":"type-product","3":"status-publish","4":"has-post-thumbnail","6":"product_cat-lim","7":"product_tag-hair","8":"product_tag-professional","9":"product_tag-shaver","10":"product_tag-shavlim","12":"first","13":"instock","14":"shipping-taxable","15":"purchasable","16":"product-type-simple"},"acf":[],"_links":{"self":[{"href":"https:\/\/hasamiartigos.com\/pt\/wp-json\/wp\/v2\/product\/8904","targetHints":{"allow":["GET"]}}],"collection":[{"href":"https:\/\/hasamiartigos.com\/pt\/wp-json\/wp\/v2\/product"}],"about":[{"href":"https:\/\/hasamiartigos.com\/pt\/wp-json\/wp\/v2\/types\/product"}],"replies":[{"embeddable":true,"href":"https:\/\/hasamiartigos.com\/pt\/wp-json\/wp\/v2\/comments?post=8904"}],"version-history":[{"count":1,"href":"https:\/\/hasamiartigos.com\/pt\/wp-json\/wp\/v2\/product\/8904\/revisions"}],"predecessor-version":[{"id":8906,"href":"https:\/\/hasamiartigos.com\/pt\/wp-json\/wp\/v2\/product\/8904\/revisions\/8906"}],"wp:featuredmedia":[{"embeddable":true,"href":"https:\/\/hasamiartigos.com\/pt\/wp-json\/wp\/v2\/media\/8905"}],"wp:attachment":[{"href":"https:\/\/hasamiartigos.com\/pt\/wp-json\/wp\/v2\/media?parent=8904"}],"wp:term":[{"taxonomy":"product_brand","embeddable":true,"href":"https:\/\/hasamiartigos.com\/pt\/wp-json\/wp\/v2\/product_brand?post=8904"},{"taxonomy":"product_cat","embeddable":true,"href":"https:\/\/hasamiartigos.com\/pt\/wp-json\/wp\/v2\/product_cat?post=8904"},{"taxonomy":"product_tag","embeddable":true,"href":"https:\/\/hasamiartigos.com\/pt\/wp-json\/wp\/v2\/product_tag?post=8904"}],"curies":[{"name":"wp","href":"https:\/\/api.w.org\/{rel}","templated":true}]}}