{"id":8988,"date":"2025-12-17T10:43:00","date_gmt":"2025-12-17T10:43:00","guid":{"rendered":"https:\/\/hasamiartigos.com\/?post_type=product&#038;p=8988"},"modified":"2025-12-17T10:43:00","modified_gmt":"2025-12-17T10:43:00","slug":"jrl-tapete-magnetico-3-zonas-barbero","status":"publish","type":"product","link":"https:\/\/hasamiartigos.com\/pt\/produto\/jrl-tapete-magnetico-3-zonas-barbero\/","title":{"rendered":"JRL TAPETE MAGN\u00c9TICO 3 ZONAS BARBERO"},"content":{"rendered":"<p style=\"text-align: left;\"><strong>Portuguese<\/strong><\/p>\n<p><strong>JRL TAPETE MAGN\u00c9TICO 3 ZONAS BARBERO<\/strong><\/p>\n<p>Tapete Magn\u00e9tico 3 Zonas JRL<br \/>\nTapete com placas magn\u00e9ticas fortes para m\u00e1quinas e acess\u00f3rios;<br \/>\nA superf\u00edcie antiderrapante mant\u00e9m as ferramentas organizadas;<br \/>\nDur\u00e1vel e f\u00e1cil de limpar;<br \/>\nResistente ao calor at\u00e9 360 graus;<br \/>\n<strong>Dimens\u00f5es:<\/strong> 42 X 32cm;<br \/>\n<strong>Peso:<\/strong> 1,100 kg;<br \/>\n<strong>Material:<\/strong> PVC;<\/p>\n<p style=\"text-align: left;\"><!--more--><\/p>\n<p style=\"text-align: left;\"><strong>English<\/strong><\/p>\n<p><strong>JRL MAGNETIC MAT 3 ZONES BARBERO<\/strong><\/p>\n<p>JRL 3-Zone Magnetic Mat<br \/>\nMat with strong magnetic plates for machines and accessories;<br \/>\nThe non-slip surface keeps tools organized;<br \/>\nDurable and easy to clean;<br \/>\nHeat resistant up to 360 degrees;<br \/>\n<strong>Dimensions:<\/strong> 42 x 32 cm;<br \/>\n<strong>Weight:<\/strong> 1.100 kg;<br \/>\n<strong>Material:<\/strong> PVC;<\/p>\n<p><span style=\"font-size: 1rem; font-family: var(--default-font-family);\">ave.<\/span><\/p>","protected":false},"excerpt":{"rendered":"<p>Portuguese JRL TAPETE MAGN\u00c9TICO 3 ZONAS BARBERO Tapete Magn\u00e9tico 3 Zonas JRL Tapete com placas magn\u00e9ticas fortes para m\u00e1quinas e acess\u00f3rios; A superf\u00edcie antiderrapante mant\u00e9m as ferramentas organizadas; Dur\u00e1vel e f\u00e1cil de limpar; Resistente ao calor at\u00e9 360 graus; Dimens\u00f5es: 42 X 32cm; Peso: 1,100 kg; Material: PVC;<\/p>","protected":false},"featured_media":8989,"comment_status":"open","ping_status":"closed","template":"","meta":[],"product_brand":[],"product_cat":[111],"product_tag":[],"class_list":{"0":"post-8988","1":"product","2":"type-product","3":"status-publish","4":"has-post-thumbnail","6":"product_cat-jrl","8":"first","9":"instock","10":"shipping-taxable","11":"purchasable","12":"product-type-simple"},"acf":[],"_links":{"self":[{"href":"https:\/\/hasamiartigos.com\/pt\/wp-json\/wp\/v2\/product\/8988","targetHints":{"allow":["GET"]}}],"collection":[{"href":"https:\/\/hasamiartigos.com\/pt\/wp-json\/wp\/v2\/product"}],"about":[{"href":"https:\/\/hasamiartigos.com\/pt\/wp-json\/wp\/v2\/types\/product"}],"replies":[{"embeddable":true,"href":"https:\/\/hasamiartigos.com\/pt\/wp-json\/wp\/v2\/comments?post=8988"}],"version-history":[{"count":1,"href":"https:\/\/hasamiartigos.com\/pt\/wp-json\/wp\/v2\/product\/8988\/revisions"}],"predecessor-version":[{"id":8990,"href":"https:\/\/hasamiartigos.com\/pt\/wp-json\/wp\/v2\/product\/8988\/revisions\/8990"}],"wp:featuredmedia":[{"embeddable":true,"href":"https:\/\/hasamiartigos.com\/pt\/wp-json\/wp\/v2\/media\/8989"}],"wp:attachment":[{"href":"https:\/\/hasamiartigos.com\/pt\/wp-json\/wp\/v2\/media?parent=8988"}],"wp:term":[{"taxonomy":"product_brand","embeddable":true,"href":"https:\/\/hasamiartigos.com\/pt\/wp-json\/wp\/v2\/product_brand?post=8988"},{"taxonomy":"product_cat","embeddable":true,"href":"https:\/\/hasamiartigos.com\/pt\/wp-json\/wp\/v2\/product_cat?post=8988"},{"taxonomy":"product_tag","embeddable":true,"href":"https:\/\/hasamiartigos.com\/pt\/wp-json\/wp\/v2\/product_tag?post=8988"}],"curies":[{"name":"wp","href":"https:\/\/api.w.org\/{rel}","templated":true}]}}