{"id":8991,"date":"2025-12-17T10:46:25","date_gmt":"2025-12-17T10:46:25","guid":{"rendered":"https:\/\/hasamiartigos.com\/?post_type=product&#038;p=8991"},"modified":"2025-12-17T10:48:05","modified_gmt":"2025-12-17T10:48:05","slug":"aftershave-royale-400ml-level-3","status":"publish","type":"product","link":"https:\/\/hasamiartigos.com\/pt\/produto\/aftershave-royale-400ml-level-3\/","title":{"rendered":"AFTERSHAVE ROYALE 400ML LEVEL 3"},"content":{"rendered":"<p style=\"text-align: left;\"><strong>Portuguese<\/strong><\/p>\n<p><strong>AFTERSHAVE ROYALE 400ML LEVEL 3<\/strong><\/p>\n<p>A nossa \u00e1gua de col\u00f3nia em spray proporciona uma pele com um aroma sensual, suave ao toque e livre de irrita\u00e7\u00f5es.<\/p>\n<p>A pele macia tem um aspeto e um toque incr\u00edveis, mas porque n\u00e3o elevar a experi\u00eancia a um novo patamar com um aroma igualmente incr\u00edvel? Uma explos\u00e3o de fragr\u00e2ncia din\u00e2mica e revigorante proporciona um apelo sexual instant\u00e2neo e eleva os seus sentidos. Seja para fazer a barba em casa ou para oferecer um servi\u00e7o de barbearia excecional, o nosso after shave para homem \u00e9 o toque final perfeito. Revitaliza a pele ap\u00f3s o barbear com um aroma incr\u00edvel, ao mesmo tempo que hidrata e nutre, deixando o rosto suave e irresist\u00edvel. Reduz tamb\u00e9m a vermelhid\u00e3o e protege contra irrita\u00e7\u00f5es e borbulhas. Escolha a sua fragr\u00e2ncia exclusiva e use-a como um acess\u00f3rio de alta costura.<\/p>\n<p><strong>Principais Caracter\u00edsticas<\/strong><\/p>\n<p>Hidrata, nutre e refresca a pele instantaneamente ap\u00f3s o barbear<br \/>\nProtege a pele contra cortes, arranh\u00f5es, pelos encravados e borbulhas<br \/>\nReduz a vermelhid\u00e3o, a inflama\u00e7\u00e3o e a secura, mesmo em peles sens\u00edveis<br \/>\nO toque final perfeito para o seu servi\u00e7o de barbearia ou para o barbear em casa antes de um encontro<\/p>\n<p style=\"text-align: left;\"><!--more--><\/p>\n<p style=\"text-align: left;\"><strong>English<\/strong><\/p>\n<p><strong>AFTERSHAVE ROYALE 400ML LEVEL 3<\/strong><br \/>\nOur spray cologne provides sexy-smelling skin that\u2019s touchably smooth and irritation-free.<\/p>\n<p>Smooth skin looks and feels amazing, but why not take it to the third level with amazing scent too? A splash of dynamic, invigorating fragrance provides instant sex appeal and uplifts your senses. Whether you shave at home or you want to offer standout barber service, our men\u2019s aftershave is a sure-fire finishing touch. It revitalizes post-shave skin with incredible scent, while moisturizing and hydrating for a kissably soft face. It also reduces redness and protects against irritation and breakouts. Choose your signature scent and wear it like couture.<\/p>\n<p><strong>Key Features<\/strong><\/p>\n<p>Instantly moisturizes, hydrates, and refreshes the skin after shaving<br \/>\nProtects the skin against nicks, cuts, razor bumps, and breakouts<br \/>\nReduces redness, inflammation, and dryness even on sensitive skin<br \/>\nThe perfect finale to your barber service or at-home pre-date shave<\/p>\n<p><span style=\"font-size: 1rem; font-family: var(--default-font-family);\">ave.<\/span><\/p>","protected":false},"excerpt":{"rendered":"<p>Portuguese AFTERSHAVE ROYALE 400ML LEVEL 3 A nossa \u00e1gua de col\u00f3nia em spray proporciona uma pele com um aroma sensual, suave ao toque e livre de irrita\u00e7\u00f5es. A pele macia tem um aspeto e um toque incr\u00edveis, mas porque n\u00e3o elevar a experi\u00eancia a um novo patamar com um aroma igualmente incr\u00edvel? Uma explos\u00e3o de [&hellip;]<\/p>","protected":false},"featured_media":8992,"comment_status":"open","ping_status":"closed","template":"","meta":[],"product_brand":[],"product_cat":[130],"product_tag":[],"class_list":{"0":"post-8991","1":"product","2":"type-product","3":"status-publish","4":"has-post-thumbnail","6":"product_cat-l3vel3","8":"first","9":"instock","10":"shipping-taxable","11":"purchasable","12":"product-type-simple"},"acf":[],"_links":{"self":[{"href":"https:\/\/hasamiartigos.com\/pt\/wp-json\/wp\/v2\/product\/8991","targetHints":{"allow":["GET"]}}],"collection":[{"href":"https:\/\/hasamiartigos.com\/pt\/wp-json\/wp\/v2\/product"}],"about":[{"href":"https:\/\/hasamiartigos.com\/pt\/wp-json\/wp\/v2\/types\/product"}],"replies":[{"embeddable":true,"href":"https:\/\/hasamiartigos.com\/pt\/wp-json\/wp\/v2\/comments?post=8991"}],"version-history":[{"count":1,"href":"https:\/\/hasamiartigos.com\/pt\/wp-json\/wp\/v2\/product\/8991\/revisions"}],"predecessor-version":[{"id":8993,"href":"https:\/\/hasamiartigos.com\/pt\/wp-json\/wp\/v2\/product\/8991\/revisions\/8993"}],"wp:featuredmedia":[{"embeddable":true,"href":"https:\/\/hasamiartigos.com\/pt\/wp-json\/wp\/v2\/media\/8992"}],"wp:attachment":[{"href":"https:\/\/hasamiartigos.com\/pt\/wp-json\/wp\/v2\/media?parent=8991"}],"wp:term":[{"taxonomy":"product_brand","embeddable":true,"href":"https:\/\/hasamiartigos.com\/pt\/wp-json\/wp\/v2\/product_brand?post=8991"},{"taxonomy":"product_cat","embeddable":true,"href":"https:\/\/hasamiartigos.com\/pt\/wp-json\/wp\/v2\/product_cat?post=8991"},{"taxonomy":"product_tag","embeddable":true,"href":"https:\/\/hasamiartigos.com\/pt\/wp-json\/wp\/v2\/product_tag?post=8991"}],"curies":[{"name":"wp","href":"https:\/\/api.w.org\/{rel}","templated":true}]}}