{"id":8997,"date":"2025-12-17T10:52:59","date_gmt":"2025-12-17T10:52:59","guid":{"rendered":"https:\/\/hasamiartigos.com\/?post_type=product&#038;p=8997"},"modified":"2025-12-17T10:54:15","modified_gmt":"2025-12-17T10:54:15","slug":"8997","status":"publish","type":"product","link":"https:\/\/hasamiartigos.com\/pt\/produto\/8997\/","title":{"rendered":"JRL \u00d3leo Lubrificante Para M\u00e1quinas Corte 120ml"},"content":{"rendered":"<p style=\"text-align: left;\"><strong>Portuguese<\/strong><\/p>\n<p><strong>JRL \u00d3leo Lubrificante Para M\u00e1quinas Corte 120ml<\/strong><\/p>\n<p>oferece a solu\u00e7\u00e3o perfeita para manter as suas l\u00e2minas de corte em excelente estado. Ideal para profissionais de barbearia, cabeleireiros e entusiastas do cuidado pessoal, este \u00f3leo proporciona a lubrifica\u00e7\u00e3o necess\u00e1ria para garantir o desempenho cont\u00ednuo e eficiente das suas ferramentas de corte.<\/p>\n<p>Ao aplicar regularmente o Blade Oil JRL nas l\u00e2minas, reduz significativamente o atrito entre as pe\u00e7as, o que diminui o desgaste e prolonga a vida \u00fatil das l\u00e2minas. Este cuidado n\u00e3o s\u00f3 evita a necessidade de substitui\u00e7\u00f5es frequentes, como tamb\u00e9m garante que as suas m\u00e1quinas continuam a operar com precis\u00e3o e suavidade.<\/p>\n<p>O frasco de 120ml tem um design pr\u00e1tico, que facilita a aplica\u00e7\u00e3o do \u00f3leo de forma precisa e controlada. Assim, o \u00f3leo lubrificante absorve rapidamente nas l\u00e2minas, sem deixar res\u00edduos oleosos ou prejudicar o desempenho da m\u00e1quina. Isto garante que as suas ferramentas est\u00e3o sempre prontas a utilizar, sem atrasos ou complica\u00e7\u00f5es.<\/p>\n<p style=\"text-align: left;\"><!--more--><\/p>\n<p style=\"text-align: left;\"><strong>English<\/strong><\/p>\n<p><strong>JRL Lubricating Oil for Cutting Machines 120ml<\/strong><\/p>\n<p>oferece a solu\u00e7\u00e3o perfeita para manter suas l\u00e2minas de corte em \u00f3timo estado. Ideal para profissionais de barbearia, cabeleireiros e entusiastas do cuidado pessoal, este \u00f3leo proporciona a lubrifica\u00e7\u00e3o necess\u00e1ria para garantir o desempenho cont\u00ednuo e eficiente de suas ferramentas de corte.<\/p>\n<p>Ao aplicar regularmente o Blade Oil JRL nas l\u00e2minas, voc\u00ea reduz significativamente o atrito entre as pe\u00e7as, o que diminui o desgaste e prolonga a vida \u00fatil das l\u00e2minas. Esse cuidado n\u00e3o s\u00f3 evita a necessidade de substitui\u00e7\u00f5es frequentes, como tamb\u00e9m garante que suas m\u00e1quinas continuem a operar com precis\u00e3o e suavidade.<\/p>\n<p>O frasco de 120ml possui um design pr\u00e1tico, que facilita a aplica\u00e7\u00e3o do \u00f3leo de maneira precisa e controlada. Assim, o \u00f3leo lubrificante absorve rapidamente nas l\u00e2minas, sem deixar res\u00edduos oleosos ou prejudicar o desempenho da m\u00e1quina. Isso garante que suas ferramentas estejam sempre prontas para uso, sem atrasos ou complica\u00e7\u00f5es.<\/p>","protected":false},"excerpt":{"rendered":"<p>Portuguese JRL \u00d3leo Lubrificante Para M\u00e1quinas Corte 120ml oferece a solu\u00e7\u00e3o perfeita para manter as suas l\u00e2minas de corte em excelente estado. Ideal para profissionais de barbearia, cabeleireiros e entusiastas do cuidado pessoal, este \u00f3leo proporciona a lubrifica\u00e7\u00e3o necess\u00e1ria para garantir o desempenho cont\u00ednuo e eficiente das suas ferramentas de corte. Ao aplicar regularmente o [&hellip;]<\/p>","protected":false},"featured_media":8999,"comment_status":"open","ping_status":"closed","template":"","meta":[],"product_brand":[],"product_cat":[111],"product_tag":[],"class_list":{"0":"post-8997","1":"product","2":"type-product","3":"status-publish","4":"has-post-thumbnail","6":"product_cat-jrl","8":"first","9":"instock","10":"shipping-taxable","11":"purchasable","12":"product-type-simple"},"acf":[],"_links":{"self":[{"href":"https:\/\/hasamiartigos.com\/pt\/wp-json\/wp\/v2\/product\/8997","targetHints":{"allow":["GET"]}}],"collection":[{"href":"https:\/\/hasamiartigos.com\/pt\/wp-json\/wp\/v2\/product"}],"about":[{"href":"https:\/\/hasamiartigos.com\/pt\/wp-json\/wp\/v2\/types\/product"}],"replies":[{"embeddable":true,"href":"https:\/\/hasamiartigos.com\/pt\/wp-json\/wp\/v2\/comments?post=8997"}],"version-history":[{"count":3,"href":"https:\/\/hasamiartigos.com\/pt\/wp-json\/wp\/v2\/product\/8997\/revisions"}],"predecessor-version":[{"id":9002,"href":"https:\/\/hasamiartigos.com\/pt\/wp-json\/wp\/v2\/product\/8997\/revisions\/9002"}],"wp:featuredmedia":[{"embeddable":true,"href":"https:\/\/hasamiartigos.com\/pt\/wp-json\/wp\/v2\/media\/8999"}],"wp:attachment":[{"href":"https:\/\/hasamiartigos.com\/pt\/wp-json\/wp\/v2\/media?parent=8997"}],"wp:term":[{"taxonomy":"product_brand","embeddable":true,"href":"https:\/\/hasamiartigos.com\/pt\/wp-json\/wp\/v2\/product_brand?post=8997"},{"taxonomy":"product_cat","embeddable":true,"href":"https:\/\/hasamiartigos.com\/pt\/wp-json\/wp\/v2\/product_cat?post=8997"},{"taxonomy":"product_tag","embeddable":true,"href":"https:\/\/hasamiartigos.com\/pt\/wp-json\/wp\/v2\/product_tag?post=8997"}],"curies":[{"name":"wp","href":"https:\/\/api.w.org\/{rel}","templated":true}]}}