{"id":9195,"date":"2026-02-03T04:54:30","date_gmt":"2026-02-03T04:54:30","guid":{"rendered":"https:\/\/hasamiartigos.com\/?post_type=product&#038;p=9195"},"modified":"2026-02-03T05:10:38","modified_gmt":"2026-02-03T05:10:38","slug":"gamma-absolute-hitter-trimmer-professional-cordless-modular-hair-trimmer-with-superch-gold-black-red","status":"publish","type":"product","link":"https:\/\/hasamiartigos.com\/pt\/produto\/gamma-absolute-hitter-trimmer-professional-cordless-modular-hair-trimmer-with-superch-gold-black-red\/","title":{"rendered":"GAMMA + ABSOLUTE HITTER TRIMMER PROFESSIONAL CORDLESS MODULAR HAIR TRIMMER WITH SUPERCH GOLD\/BLACK\/RED"},"content":{"rendered":"<p><strong>Portuguese<\/strong><\/p>\n<p>Aparador de cabelo profissional sem fios modular Gamma + Absolute Hitter com acabamento dourado\/preto\/vermelho<\/p>\n<p><strong>Aparador Profissional Absolute Hitter da Gamma Pi\u00f9.<\/strong> Apresentamos a nova gera\u00e7\u00e3o de aparadores Absolute Hitter da Gamma Pi\u00f9. Este aparelho sem fios \u00e9 ideal para aperfei\u00e7oar qualquer corte de cabelo, patilhas ou at\u00e9 mesmo a barba, como preferir.<\/p>\n<p>Usufrui de um carregador micro USB universal e de uma l\u00e2mina de carbono Black Diamond. Inclui kits completos de carca\u00e7a nas cores Dourado, Dourado Rosa e Cromado para criar 9 visuais personalizados diferentes. Com a sua bateria de i\u00f5es de l\u00edtio, oferece at\u00e9 4 horas de funcionamento sem fios com uma carga r\u00e1pida de 2 horas.<\/p>\n<p>Possui base de carregamento. Op\u00e7\u00e3o de tampa amov\u00edvel para um design vazado que exp\u00f5e a l\u00e2mina, proporcionando uma opera\u00e7\u00e3o mais fria, melhor visibilidade, limpeza mais f\u00e1cil e maior precis\u00e3o.<\/p>\n<p>Gra\u00e7as \u00e0 sua l\u00e2mina totalmente ajust\u00e1vel, pode ser facilmente calibrada para zero, permitindo um corte e acabamento mais precisos, mantendo o n\u00edvel de desempenho ideal. A l\u00e2mina de carbono Black Diamond DLC de alt\u00edssima qualidade permanece fria, livre de ferrugem e afiada durante mais tempo. Cientificamente concebido para marcar sem irritar, o Absolute Hitter \u00e9 ideal para peles sens\u00edveis. O motor rotativo superpotente corta qualquer tipo de cabelo numa s\u00f3 passagem.<\/p>\n<p><strong>Caracter\u00edsticas:<\/strong><\/p>\n<p>L\u00e2mina de carbono Black Diamond DLC de 40 mm com excelente suavidade para um barbear mais rente e preciso.<\/p>\n<p>Microajuste da l\u00e2mina de corte de 0,8 a 0 mm.<br \/>\nRecarga completa em 2 horas com base fixa e cabo Mini-USB.<br \/>\nBateria de i\u00f5es de l\u00edtio com 240 minutos de autonomia.<br \/>\nConjunto de pentes intercambi\u00e1veis \u200b\u200bde 1,5 &#8211; 4,5 &#8211; 6 mm.<br \/>\nKit de manuten\u00e7\u00e3o com chave de fendas, \u00f3leo lubrificante e escova.<br \/>\nPeso de apenas 140 g.<br \/>\nDuas capas intercambi\u00e1veis \u200b\u200bnovas (dourado mate e vermelho) j\u00e1 inclu\u00eddas.<\/p>\n<p>&nbsp;<\/p>\n<p>&nbsp;<\/p>\n<hr \/>\n<p><strong>English<\/strong><\/p>\n<p>GAMMA + ABSOLUTE HITTER TRIMMER PROFESSIONAL CORDLESS MODULAR HAIR TRIMMER WITH SUPERCH GOLD\/BLACK\/RED<\/p>\n<p><strong>Professional Retouching Machine Trimmer Absolute Hitter Gamma Piu<\/strong> We present the new generation of Trimmer Absolute Hitter cutting machines from Gamma Pi\u00f9. This cordless machine is ideal to perfect any haircut, sideburns or even for your beard, only you choose.<\/p>\n<p>Enjoy a universal micro USB charger and Black Diamond carbon blade. Includes complete Gold, Rose Gold and Chrome shell kits to create 9 different custom mods. With its lithium-ion battery it provides up to 4 hours of cordless operation with a 2-hour quick charge.<\/p>\n<p>It has its charging stand. Top-detachable option for a skeleton-style design that exposes the blade for cooler operation, better line of sight, easier cleaning, and increased accuracy.<\/p>\n<p>Thanks to its fully adjustable blade, it can be easily adjusted to zero to achieve the most precise cut and finish while maintaining its optimal level of work. The highest quality Black Diamond Carbon DLC blade stays cooler, rust free and sharper longer. Scientifically designed to mark without irritation, the Absolute Hitter is ideal for sensitive skin. The supercharged rotary motor cuts any type of hair with a single pass.<\/p>\n<p><strong>Characteristics:<\/strong><\/p>\n<p>40 mm DLC Black Diamond Carbon blade with great smoothness for a closer and more precise shave.<br \/>\nMicro adjustment of the cutting blade from 0.8 to 0 mm<br \/>\nFull recharge in 2 hours with fixed base and Mini-USB cable<br \/>\nLithium-ion battery with 240 minutes of autonomy<br \/>\nSet of interchangeable combs 1.5 &#8211; 4.5 &#8211; 6 mm<br \/>\nMaintenance kit with screwdriver, lubricating oil and brush<br \/>\nOnly 140 g in weight<br \/>\nTwo new interchangeable covers (matt gold and red) already included<\/p>","protected":false},"excerpt":{"rendered":"<p>Portuguese Aparador de cabelo profissional sem fios modular Gamma + Absolute Hitter com acabamento dourado\/preto\/vermelho Aparador Profissional Absolute Hitter da Gamma Pi\u00f9. Apresentamos a nova gera\u00e7\u00e3o de aparadores Absolute Hitter da Gamma Pi\u00f9. Este aparelho sem fios \u00e9 ideal para aperfei\u00e7oar qualquer corte de cabelo, patilhas ou at\u00e9 mesmo a barba, como preferir. Usufrui de [&hellip;]<\/p>","protected":false},"featured_media":9196,"comment_status":"open","ping_status":"closed","template":"","meta":[],"product_brand":[],"product_cat":[181],"product_tag":[],"class_list":{"0":"post-9195","1":"product","2":"type-product","3":"status-publish","4":"has-post-thumbnail","6":"product_cat-gamma","8":"first","9":"instock","10":"shipping-taxable","11":"purchasable","12":"product-type-variable"},"acf":[],"_links":{"self":[{"href":"https:\/\/hasamiartigos.com\/pt\/wp-json\/wp\/v2\/product\/9195","targetHints":{"allow":["GET"]}}],"collection":[{"href":"https:\/\/hasamiartigos.com\/pt\/wp-json\/wp\/v2\/product"}],"about":[{"href":"https:\/\/hasamiartigos.com\/pt\/wp-json\/wp\/v2\/types\/product"}],"replies":[{"embeddable":true,"href":"https:\/\/hasamiartigos.com\/pt\/wp-json\/wp\/v2\/comments?post=9195"}],"version-history":[{"count":2,"href":"https:\/\/hasamiartigos.com\/pt\/wp-json\/wp\/v2\/product\/9195\/revisions"}],"predecessor-version":[{"id":9202,"href":"https:\/\/hasamiartigos.com\/pt\/wp-json\/wp\/v2\/product\/9195\/revisions\/9202"}],"wp:featuredmedia":[{"embeddable":true,"href":"https:\/\/hasamiartigos.com\/pt\/wp-json\/wp\/v2\/media\/9196"}],"wp:attachment":[{"href":"https:\/\/hasamiartigos.com\/pt\/wp-json\/wp\/v2\/media?parent=9195"}],"wp:term":[{"taxonomy":"product_brand","embeddable":true,"href":"https:\/\/hasamiartigos.com\/pt\/wp-json\/wp\/v2\/product_brand?post=9195"},{"taxonomy":"product_cat","embeddable":true,"href":"https:\/\/hasamiartigos.com\/pt\/wp-json\/wp\/v2\/product_cat?post=9195"},{"taxonomy":"product_tag","embeddable":true,"href":"https:\/\/hasamiartigos.com\/pt\/wp-json\/wp\/v2\/product_tag?post=9195"}],"curies":[{"name":"wp","href":"https:\/\/api.w.org\/{rel}","templated":true}]}}