{"id":9203,"date":"2026-02-03T05:03:03","date_gmt":"2026-02-03T05:03:03","guid":{"rendered":"https:\/\/hasamiartigos.com\/?post_type=product&#038;p=9203"},"modified":"2026-02-03T05:03:58","modified_gmt":"2026-02-03T05:03:58","slug":"magnetic-straight-edge-razor-black-gold","status":"publish","type":"product","link":"https:\/\/hasamiartigos.com\/pt\/produto\/magnetic-straight-edge-razor-black-gold\/","title":{"rendered":"MAGNETIC STRAIGHT EDGE RAZOR BLACK\/GOLD JRL"},"content":{"rendered":"<p><strong>Portuguese<\/strong><\/p>\n<p><strong>Navalha Magn\u00e9tica Preta\/Dourada<\/strong><\/p>\n<p>A Navalha Magn\u00e9tica JRL\u00ae com tecnologia patenteada possui um inovador sistema de bloqueio magn\u00e9tico da l\u00e2mina, que a fixa com seguran\u00e7a num alinhamento perfeito. Este bloqueio impede que a l\u00e2mina deslize durante o acabamento e o contorno, proporcionando uma precis\u00e3o consistente e fi\u00e1vel a cada troca de l\u00e2mina.<\/p>\n<p>Concebido para barbeiros profissionais, o mecanismo magn\u00e9tico permite a troca r\u00e1pida e f\u00e1cil da l\u00e2mina, mantendo o m\u00e1ximo controlo para linhas precisas e um acabamento impec\u00e1vel.<\/p>\n<p><strong>Par perfeito:<\/strong><br \/>\nConcebidas para serem utilizadas com as L\u00e2minas de Barbear JRL\u00ae Single Edge para um bloqueio magn\u00e9tico e precis\u00e3o ideais.<\/p>\n<p><strong>Principais Caracter\u00edsticas<\/strong><\/p>\n<p>Sistema patenteado de bloqueio magn\u00e9tico da l\u00e2mina para um posicionamento seguro e consistente da l\u00e2mina<br \/>\nConcebida com precis\u00e3o para um barbear rente e preciso<br \/>\nTroca de l\u00e2mina f\u00e1cil com alinhamento magn\u00e9tico inovador<br \/>\nConstru\u00e7\u00e3o premium: bra\u00e7o da l\u00e2mina em a\u00e7o inoxid\u00e1vel com cabo dur\u00e1vel em fibra de carbono<br \/>\nLeve e perfeitamente equilibrada para uso profissional durante todo o dia<br \/>\nCompat\u00edvel com as L\u00e2minas de Barbear JRL\u00ae Single Edge<br \/>\nOp\u00e7\u00f5es de cor: Preto ou Preto e Dourado<\/p>\n<hr \/>\n<p><strong>English<\/strong><\/p>\n<p><strong>MAGNETIC STRAIGHT EDGE RAZOR BLACK\/GOLD<\/strong><\/p>\n<p>The JRL\u00ae Patent Magnetic Straight Edge Razor features an innovative magnetic blade-locking system that snaps the blade securely into perfect alignment. This locked-in placement prevents slipping during detailing and edging, giving you consistent, reliable precision with every blade change.<\/p>\n<p>Engineered for professional barbers, the magnetic mechanism allows fast, effortless blade replacement while maintaining maximum control for clean lines and flawless finishing work.<\/p>\n<p><strong>Perfect pair:<\/strong><br \/>\nDesigned to be used with JRL\u00ae Single Edge Razor Blades for optimal magnetic lock and precision.<\/p>\n<p><strong>Key Features<\/strong><\/p>\n<p>Patented magnetic blade-locking system for secure, consistent blade placement<br \/>\nPrecision engineered for an ultra-close, accurate shave<br \/>\nEffortless blade changes with innovative magnetic alignment<br \/>\nPremium construction: stainless steel blade arm with a durable carbon-fiber handle<br \/>\nLightweight and perfectly balanced for all-day professional use<br \/>\nCompatible with JRL\u00ae Single Edge Razor Blades<br \/>\nColor options: Black or Black &amp; Gold<\/p>","protected":false},"excerpt":{"rendered":"<p>Portuguese Navalha Magn\u00e9tica Preta\/Dourada A Navalha Magn\u00e9tica JRL\u00ae com tecnologia patenteada possui um inovador sistema de bloqueio magn\u00e9tico da l\u00e2mina, que a fixa com seguran\u00e7a num alinhamento perfeito. Este bloqueio impede que a l\u00e2mina deslize durante o acabamento e o contorno, proporcionando uma precis\u00e3o consistente e fi\u00e1vel a cada troca de l\u00e2mina. Concebido para barbeiros [&hellip;]<\/p>","protected":false},"featured_media":9204,"comment_status":"open","ping_status":"closed","template":"","meta":[],"product_brand":[],"product_cat":[111],"product_tag":[],"class_list":{"0":"post-9203","1":"product","2":"type-product","3":"status-publish","4":"has-post-thumbnail","6":"product_cat-jrl","8":"first","9":"instock","10":"shipping-taxable","11":"purchasable","12":"product-type-variable"},"acf":[],"_links":{"self":[{"href":"https:\/\/hasamiartigos.com\/pt\/wp-json\/wp\/v2\/product\/9203","targetHints":{"allow":["GET"]}}],"collection":[{"href":"https:\/\/hasamiartigos.com\/pt\/wp-json\/wp\/v2\/product"}],"about":[{"href":"https:\/\/hasamiartigos.com\/pt\/wp-json\/wp\/v2\/types\/product"}],"replies":[{"embeddable":true,"href":"https:\/\/hasamiartigos.com\/pt\/wp-json\/wp\/v2\/comments?post=9203"}],"version-history":[{"count":1,"href":"https:\/\/hasamiartigos.com\/pt\/wp-json\/wp\/v2\/product\/9203\/revisions"}],"predecessor-version":[{"id":9209,"href":"https:\/\/hasamiartigos.com\/pt\/wp-json\/wp\/v2\/product\/9203\/revisions\/9209"}],"wp:featuredmedia":[{"embeddable":true,"href":"https:\/\/hasamiartigos.com\/pt\/wp-json\/wp\/v2\/media\/9204"}],"wp:attachment":[{"href":"https:\/\/hasamiartigos.com\/pt\/wp-json\/wp\/v2\/media?parent=9203"}],"wp:term":[{"taxonomy":"product_brand","embeddable":true,"href":"https:\/\/hasamiartigos.com\/pt\/wp-json\/wp\/v2\/product_brand?post=9203"},{"taxonomy":"product_cat","embeddable":true,"href":"https:\/\/hasamiartigos.com\/pt\/wp-json\/wp\/v2\/product_cat?post=9203"},{"taxonomy":"product_tag","embeddable":true,"href":"https:\/\/hasamiartigos.com\/pt\/wp-json\/wp\/v2\/product_tag?post=9203"}],"curies":[{"name":"wp","href":"https:\/\/api.w.org\/{rel}","templated":true}]}}