{"id":9287,"date":"2026-05-13T05:24:24","date_gmt":"2026-05-13T05:24:24","guid":{"rendered":"https:\/\/hasamiartigos.com\/?post_type=product&#038;p=9287"},"modified":"2026-05-13T05:24:24","modified_gmt":"2026-05-13T05:24:24","slug":"kiepe-professional-edge-x-ultrathin-clipper-trimmer-set-metallic-pink","status":"publish","type":"product","link":"https:\/\/hasamiartigos.com\/pt\/produto\/kiepe-professional-edge-x-ultrathin-clipper-trimmer-set-metallic-pink\/","title":{"rendered":"Kiepe &#8211; Professional Edge X Ultrathin Clipper &#038; Trimmer Set &#8211; Metallic Pink"},"content":{"rendered":"<p><strong>Portuguese<\/strong><\/p>\n<p><strong>Conjunto de M\u00e1quina de Cortar e Aparador Profissional Kiepe Edge X Ultrathin &#8211; Rosa Metalizado<\/strong><\/p>\n<p>D\u00ea um toque de cor vibrante ao seu espa\u00e7o de trabalho com o Conjunto de M\u00e1quina de Cortar e Aparador Profissional Kiepe Edge X Ultrathin &#8211; Rosa Met\u00e1lico, um duo premium concebido para cabeleireiros que n\u00e3o abdicam do desempenho ou da est\u00e9tica. A m\u00e1quina de cortar cabelo principal possui um motor brushless de elevado bin\u00e1rio capaz de atingir as 8.500 rpm, garantindo um corte suave mesmo nos cabelos mais grossos, sem bloqueios. Possui uma alavanca lateral ajust\u00e1vel de 0,5 mm a 2,0 mm, permitindo t\u00e9cnicas de degrad\u00e9 e transi\u00e7\u00e3o perfeitas diretamente na l\u00e2mina. A acompanhar a m\u00e1quina, est\u00e1 um aparador profissional dedicado, concebido com um comprimento de corte preciso de 0,1 mm para detalhes, contornos e acabamentos impec\u00e1veis. Ambas as ferramentas oferecem a flexibilidade de funcionamento com ou sem fios, alimentadas por baterias de l\u00edtio de longa dura\u00e7\u00e3o que garantem um fluxo de trabalho ininterrupto. Este conjunto \u00e9 a fus\u00e3o perfeita entre o estilo vibrante e a excel\u00eancia na engenharia.<\/p>\n<p>Para al\u00e9m do seu aspeto impressionante, o conjunto de m\u00e1quina de cortar cabelo e aparador Kiepe &#8211; Professional Edge X Ultrathin &#8211; Rosa Met\u00e1lico foi concebido para durabilidade e conforto ergon\u00f3mico durante longos turnos. O kit \u00e9 completo e vem com tudo o que um profissional precisa, incluindo uma variedade de pentes de metal robustos, ferramentas de limpeza e manuten\u00e7\u00e3o e bases de carregamento duplas para uma esta\u00e7\u00e3o de trabalho organizada. O motor escovado de alta velocidade do aparador opera a 7.200 rpm, proporcionando um desempenho suave e sem pux\u00f5es para designs complexos e cortes rente \u00e0 pele. Com compatibilidade USB-C, o carregamento \u00e9 moderno e conveniente, garantindo que pode recarregar em qualquer ponto do sal\u00e3o. Este conjunto completo garante que, seja para uma remo\u00e7\u00e3o completa ou um acabamento impec\u00e1vel, tem a ferramenta certa \u00e0 m\u00e3o para alcan\u00e7ar a perfei\u00e7\u00e3o.<\/p>\n<p><strong>Principais Caracter\u00edsticas<\/strong><br \/>\nInclui uma m\u00e1quina de cortar cabelo de alto desempenho e um aparador de precis\u00e3o com acabamento Rosa Metalizado.<\/p>\n<p>A m\u00e1quina de cortar cabelo tem um motor sem escovas que opera a 8.500 rpm para uma pot\u00eancia consistente em todos os tipos de cabelo.<br \/>\nA m\u00e1quina de cortar cabelo corta a uma dist\u00e2ncia de at\u00e9 0,1 mm, sendo perfeita para linhas precisas, desenhos e acabamentos rente \u00e0 pele.<br \/>\nAmbas as unidades oferecem 2 horas de autonomia sem fios, alimentadas por baterias de l\u00edtio eficientes e de longa dura\u00e7\u00e3o.<br \/>\nFornecida com um conjunto completo de pentes met\u00e1licos profissionais para diferentes comprimentos de corte e estilos vers\u00e1teis.<\/p>\n<p>As bases de carregamento bivolt e a compatibilidade com USB-C proporcionam a m\u00e1xima flexibilidade para os barbeiros modernos.<\/p>\n<p><strong>Detalhes t\u00e9cnicos<\/strong><br \/>\nTipo de motor (m\u00e1quina de cortar cabelo): Motor sem escovas de elevado bin\u00e1rio (8.500 rpm)<br \/>\nTipo de motor (aparador): Motor com escovas de alta velocidade (7.200 rpm)<br \/>\nBateria (m\u00e1quina de cortar cabelo): I\u00e3o-l\u00edtio de 2.500 mAh (2 horas de autonomia)<br \/>\nBateria (aparador): I\u00e3o-l\u00edtio de 1.400 mAh (2 horas de autonomia)<br \/>\nTempo de carregamento: 3 horas (m\u00e1quina de cortar cabelo) \/ 2 horas (aparador)<br \/>\nComprimento de corte (m\u00e1quina de cortar cabelo): Ajust\u00e1vel de 0,5 mm a 2,0 mm<br \/>\nComprimento de corte (aparador): Fixo de 0,1 mm (Zero Gap)<br \/>\nConectividade: Cabo USB-C (2 m inclu\u00eddos)<br \/>\nAcess\u00f3rios inclu\u00eddos: 8 pentes met\u00e1licos para m\u00e1quina de cortar cabelo (1,5\u201319 mm), 3 pentes para aparador (1,5\u20136 mm), \u00f3leo, escova, bases de carregamento.<\/p>\n<hr \/>\n<p><strong>English<\/strong><\/p>\n<p><strong>Kiepe &#8211; Professional Edge X Ultrathin Clipper &amp; Trimmer Set &#8211; Metallic Pink<\/strong><\/p>\n<p>Inject a bold splash of colour into your workstation with the Kiepe &#8211; Professional Edge X Ultrathin Clipper &amp; Trimmer Set &#8211; Metallic Pink, a premium duo designed for stylists who refuse to compromise on performance or aesthetics. The main clipper boasts a formidable high-torque brushless motor capable of reaching 8,500 rpm, ensuring it glides effortlessly through even the thickest hair textures without stalling. It features a versatile adjustable side lever ranging from 0.5mm to 2.0mm, allowing for seamless blending and fading techniques directly on the blade. Accompanying the clipper is a dedicated professional trimmer, engineered with a precise cutting length of 0.1mm for immaculate detailing, contouring, and finishing work. Both tools offer the flexibility of corded or cordless operation, powered by long-lasting lithium batteries that ensure your workflow remains uninterrupted. This set is the ultimate fusion of vibrant style and engineering excellence.<\/p>\n<p>Beyond its striking appearance, the Kiepe &#8211; Professional Edge X Ultrathin Clipper &amp; Trimmer Set &#8211; Metallic Pink is built for durability and ergonomic comfort during long shifts. The kit is comprehensively equipped with everything a professional needs, including a range of robust metal combs, cleaning maintenance tools, and dual charging bases for a tidy station. The trimmer\u2019s high-speed brushed motor operates at 7,200 rpm, providing smooth, snag-free performance for intricate designs and close skin work. With USB-C compatibility, charging is modern and convenient, ensuring you can power up anywhere in the salon. This comprehensive combo ensures that whether you are executing a bulk remove or a zero-gap line-up, you have the right tool in hand to deliver perfection.<\/p>\n<p><strong>Key Features<\/strong><br \/>\nIncludes both a high-performance clipper and a precision trimmer in a matching Metallic Pink finish.<br \/>\nClipper features a brushless motor running at 8,500 rpm for consistent power on all hair types.<br \/>\nTrimmer cuts as close as 0.1mm, making it perfect for sharp lines, designs, and skin-close finishing.<br \/>\nBoth units offer 2 hours of cordless run time powered by efficient, long-lasting lithium batteries.<br \/>\nSupplied with a full set of professional metal combs for varied cutting lengths and versatile styling.<br \/>\nDual voltage charging bases and USB-C compatibility provide maximum flexibility for modern barbers.<\/p>\n<p><strong>Technical Details<\/strong><br \/>\nMotor Type (Clipper): High-Torque Brushless Motor (8,500 rpm)<br \/>\nMotor Type (Trimmer): High-Speed Brushed Motor (7,200 rpm)<br \/>\nBattery (Clipper): 2,500 mAh Lithium-ion (2 hours run time)<br \/>\nBattery (Trimmer): 1,400 mAh Lithium-ion (2 hours run time)<br \/>\nCharging Time: 3 hours (Clipper) \/ 2 hours (Trimmer)<br \/>\nCutting Length (Clipper): Adjustable 0.5mm \u2013 2.0mm<br \/>\nCutting Length (Trimmer): Fixed 0.1mm (Zero Gap)<br \/>\nConnectivity: USB-C Cable (2m included)<br \/>\nAccessories Included: 8 Metal Clipper Combs (1.5\u201319mm), 3 Trimmer Combs (1.5\u20136mm), Oil, Brush, Charging Bases.<\/p>","protected":false},"excerpt":{"rendered":"<p>Portuguese Conjunto de M\u00e1quina de Cortar e Aparador Profissional Kiepe Edge X Ultrathin &#8211; Rosa Metalizado D\u00ea um toque de cor vibrante ao seu espa\u00e7o de trabalho com o Conjunto de M\u00e1quina de Cortar e Aparador Profissional Kiepe Edge X Ultrathin &#8211; Rosa Met\u00e1lico, um duo premium concebido para cabeleireiros que n\u00e3o abdicam do desempenho [&hellip;]<\/p>","protected":false},"featured_media":9285,"comment_status":"open","ping_status":"closed","template":"","meta":[],"product_brand":[],"product_cat":[190],"product_tag":[],"class_list":{"0":"post-9287","1":"product","2":"type-product","3":"status-publish","4":"has-post-thumbnail","6":"product_cat-kiepe","8":"first","9":"instock","10":"shipping-taxable","11":"purchasable","12":"product-type-simple"},"acf":[],"_links":{"self":[{"href":"https:\/\/hasamiartigos.com\/pt\/wp-json\/wp\/v2\/product\/9287","targetHints":{"allow":["GET"]}}],"collection":[{"href":"https:\/\/hasamiartigos.com\/pt\/wp-json\/wp\/v2\/product"}],"about":[{"href":"https:\/\/hasamiartigos.com\/pt\/wp-json\/wp\/v2\/types\/product"}],"replies":[{"embeddable":true,"href":"https:\/\/hasamiartigos.com\/pt\/wp-json\/wp\/v2\/comments?post=9287"}],"version-history":[{"count":1,"href":"https:\/\/hasamiartigos.com\/pt\/wp-json\/wp\/v2\/product\/9287\/revisions"}],"predecessor-version":[{"id":9288,"href":"https:\/\/hasamiartigos.com\/pt\/wp-json\/wp\/v2\/product\/9287\/revisions\/9288"}],"wp:featuredmedia":[{"embeddable":true,"href":"https:\/\/hasamiartigos.com\/pt\/wp-json\/wp\/v2\/media\/9285"}],"wp:attachment":[{"href":"https:\/\/hasamiartigos.com\/pt\/wp-json\/wp\/v2\/media?parent=9287"}],"wp:term":[{"taxonomy":"product_brand","embeddable":true,"href":"https:\/\/hasamiartigos.com\/pt\/wp-json\/wp\/v2\/product_brand?post=9287"},{"taxonomy":"product_cat","embeddable":true,"href":"https:\/\/hasamiartigos.com\/pt\/wp-json\/wp\/v2\/product_cat?post=9287"},{"taxonomy":"product_tag","embeddable":true,"href":"https:\/\/hasamiartigos.com\/pt\/wp-json\/wp\/v2\/product_tag?post=9287"}],"curies":[{"name":"wp","href":"https:\/\/api.w.org\/{rel}","templated":true}]}}