{"id":9291,"date":"2026-05-13T05:35:09","date_gmt":"2026-05-13T05:35:09","guid":{"rendered":"https:\/\/hasamiartigos.com\/?post_type=product&#038;p=9291"},"modified":"2026-05-13T07:17:18","modified_gmt":"2026-05-13T07:17:18","slug":"inocos-ultra-silence-nail-drill-manicure-set","status":"publish","type":"product","link":"https:\/\/hasamiartigos.com\/pt\/produto\/inocos-ultra-silence-nail-drill-manicure-set\/","title":{"rendered":"Inocos &#8211; Ultra Silence Nail Drill Manicure Set"},"content":{"rendered":"<p><strong>Portuguese<\/strong><\/p>\n<p><strong>Inocos &#8211; Conjunto de Manicure com Broca Ultra Silenciosa<\/strong><\/p>\n<p>A lixadora de unhas ultra silenciosa possui um painel sens\u00edvel ao toque. Ultra silenciosa e com baixa vibra\u00e7\u00e3o, a lixadora de unhas ultra silenciosa tem uma base de silicone e um suporte para 22 brocas.<\/p>\n<p>\u00c9 compat\u00edvel com brocas universais e inclui uma caneta aplicadora, um conjunto de 6 brocas e 6 recargas de lixa.<\/p>\n<p><strong>Especifica\u00e7\u00f5es:<\/strong><br \/>\nPot\u00eancia: 65W<br \/>\nRota\u00e7\u00e3o m\u00e1xima: 35.000 rpm<br \/>\nTens\u00e3o de entrada: 100-240V<br \/>\nTens\u00e3o de sa\u00edda: 12V\/4A<br \/>\nRota\u00e7\u00e3o: Bidirecional<br \/>\nCor: Branco<br \/>\nEncaixe magn\u00e9tico<br \/>\nDimens\u00f5es: 16\u00d712,5\u00d79,1cm<br \/>\nPeso da caneta: 155g<\/p>\n<p><strong>Este kit cont\u00e9m:<\/strong><br \/>\nCaneta aplicadora<br \/>\nSuporte para caneta<br \/>\nConjunto de 6 brocas<\/p>\n<hr \/>\n<p><strong>English<\/strong><\/p>\n<p>Inocos &#8211; Ultra Silence Nail Drill Manicure Set<\/p>\n<p>The Ultra Silence Nail Drill has a touch panel. Ultra silent and low vibration, the Ultra Silence Nail Drill has a silicone base and fitting for 22 drill bits.<\/p>\n<p>It is compatible with universal drill bits and includes a pen and set of 6 drill bits and 6 sandpaper refills.<\/p>\n<p><strong>Specifications:<\/strong><br \/>\nPower: 65W<br \/>\nMax. RPM: 35,000 rpm<br \/>\nInput Voltage: 100-240V<br \/>\nOutput Voltage: 12V\/4A<br \/>\nRotation: Double Direction<br \/>\nColor white<br \/>\nMagnetic Docking<br \/>\nDimensions: 16\u00d712.5\u00d79.1cm<br \/>\nPen Weight: 155g<\/p>\n<p><strong>This set contains:<\/strong><br \/>\nPen<br \/>\nPen holder<br \/>\nSet of 6 drill bits<\/p>","protected":false},"excerpt":{"rendered":"<p>Portuguese Inocos &#8211; Conjunto de Manicure com Broca Ultra Silenciosa A lixadora de unhas ultra silenciosa possui um painel sens\u00edvel ao toque. Ultra silenciosa e com baixa vibra\u00e7\u00e3o, a lixadora de unhas ultra silenciosa tem uma base de silicone e um suporte para 22 brocas. \u00c9 compat\u00edvel com brocas universais e inclui uma caneta aplicadora, [&hellip;]<\/p>","protected":false},"featured_media":9283,"comment_status":"open","ping_status":"closed","template":"","meta":[],"product_brand":[],"product_cat":[191],"product_tag":[],"class_list":{"0":"post-9291","1":"product","2":"type-product","3":"status-publish","4":"has-post-thumbnail","6":"product_cat-inocos","8":"first","9":"instock","10":"shipping-taxable","11":"purchasable","12":"product-type-simple"},"acf":[],"_links":{"self":[{"href":"https:\/\/hasamiartigos.com\/pt\/wp-json\/wp\/v2\/product\/9291","targetHints":{"allow":["GET"]}}],"collection":[{"href":"https:\/\/hasamiartigos.com\/pt\/wp-json\/wp\/v2\/product"}],"about":[{"href":"https:\/\/hasamiartigos.com\/pt\/wp-json\/wp\/v2\/types\/product"}],"replies":[{"embeddable":true,"href":"https:\/\/hasamiartigos.com\/pt\/wp-json\/wp\/v2\/comments?post=9291"}],"version-history":[{"count":1,"href":"https:\/\/hasamiartigos.com\/pt\/wp-json\/wp\/v2\/product\/9291\/revisions"}],"predecessor-version":[{"id":9293,"href":"https:\/\/hasamiartigos.com\/pt\/wp-json\/wp\/v2\/product\/9291\/revisions\/9293"}],"wp:featuredmedia":[{"embeddable":true,"href":"https:\/\/hasamiartigos.com\/pt\/wp-json\/wp\/v2\/media\/9283"}],"wp:attachment":[{"href":"https:\/\/hasamiartigos.com\/pt\/wp-json\/wp\/v2\/media?parent=9291"}],"wp:term":[{"taxonomy":"product_brand","embeddable":true,"href":"https:\/\/hasamiartigos.com\/pt\/wp-json\/wp\/v2\/product_brand?post=9291"},{"taxonomy":"product_cat","embeddable":true,"href":"https:\/\/hasamiartigos.com\/pt\/wp-json\/wp\/v2\/product_cat?post=9291"},{"taxonomy":"product_tag","embeddable":true,"href":"https:\/\/hasamiartigos.com\/pt\/wp-json\/wp\/v2\/product_tag?post=9291"}],"curies":[{"name":"wp","href":"https:\/\/api.w.org\/{rel}","templated":true}]}}