{"id":9294,"date":"2026-05-13T05:41:11","date_gmt":"2026-05-13T05:41:11","guid":{"rendered":"https:\/\/hasamiartigos.com\/?post_type=product&#038;p=9294"},"modified":"2026-05-13T05:41:11","modified_gmt":"2026-05-13T05:41:11","slug":"inocos-portable-nail-drill-pro-inocos-35000rpm-nail-drill","status":"publish","type":"product","link":"https:\/\/hasamiartigos.com\/pt\/produto\/inocos-portable-nail-drill-pro-inocos-35000rpm-nail-drill\/","title":{"rendered":"Inocos &#8211; Portable Nail Drill Pro Inocos 35000RPM Nail Drill"},"content":{"rendered":"<p><strong>Portuguese<\/strong><\/p>\n<p><strong>Lixadora de Unhas Port\u00e1til Profissional Inocos 35000 RPM<\/strong><\/p>\n<p>Broca ultrassilenciosa e com baixa vibra\u00e7\u00e3o.<\/p>\n<p>Recarreg\u00e1vel, port\u00e1til e confort\u00e1vel de usar.<\/p>\n<p>Compat\u00edvel com brocas de tamanho universal.<\/p>\n<p><strong>Especifica\u00e7\u00f5es:<\/strong><br \/>\nPot\u00eancia: 35 W<br \/>\nRPM m\u00e1ximas: 35000 rpm<br \/>\nTens\u00e3o de entrada: CC 15 V 2 A<br \/>\nTens\u00e3o de sa\u00edda: CC 3-15 V<br \/>\nTipo de bateria: I\u00e3o de l\u00edtio (Li-ion)<br \/>\nCapacidade da bateria: 2600 mAh<br \/>\nTempo de carregamento: 4,5 a 5 horas<br \/>\nAutonomia (ap\u00f3s carga completa): 7 a 8 horas<br \/>\nRota\u00e7\u00e3o: bidirecional<br \/>\nCor: branco p\u00e9rola<\/p>\n<p><strong>Este conjunto cont\u00e9m:<\/strong><br \/>\nPedal<br \/>\nCaneta<br \/>\nSuporte para caneta<br \/>\nConjunto de 4 brocas<\/p>\n<hr \/>\n<p><strong>English<\/strong><\/p>\n<p><strong>Portable Nail Drill Pro Inocos 35000RPM Nail Drill<\/strong><\/p>\n<p>Ultra-quiet, low-vibration drill bit.<br \/>\nRechargeable, portable and comfortable to use.<br \/>\nCompatible with universal size drill bits.<\/p>\n<p><strong>Specifications:<\/strong><br \/>\nPower: 35w<br \/>\nMax RPM: 35000 rpm<br \/>\nInput voltage: dc 15v 2a<br \/>\nOutput voltage: dc 3-15v<br \/>\nBattery type: Li-ion (Li-ion)<br \/>\nBattery Capacity: 2600mAh<br \/>\nCharging time: 4.5 \u2013 5h<br \/>\nAutonomy (after full charge): 7 \u2013 8h<br \/>\nRotation: two way<br \/>\nColor: pearly white<\/p>\n<p><strong>This set contains:<\/strong><br \/>\nIncludes pedal<br \/>\nPen<br \/>\npen holder<br \/>\nSet of 4 drill bits<\/p>","protected":false},"excerpt":{"rendered":"<p>Portuguese Lixadora de Unhas Port\u00e1til Profissional Inocos 35000 RPM Broca ultrassilenciosa e com baixa vibra\u00e7\u00e3o. Recarreg\u00e1vel, port\u00e1til e confort\u00e1vel de usar. Compat\u00edvel com brocas de tamanho universal. Especifica\u00e7\u00f5es: Pot\u00eancia: 35 W RPM m\u00e1ximas: 35000 rpm Tens\u00e3o de entrada: CC 15 V 2 A Tens\u00e3o de sa\u00edda: CC 3-15 V Tipo de bateria: I\u00e3o de l\u00edtio [&hellip;]<\/p>","protected":false},"featured_media":9282,"comment_status":"open","ping_status":"closed","template":"","meta":[],"product_brand":[],"product_cat":[191],"product_tag":[],"class_list":{"0":"post-9294","1":"product","2":"type-product","3":"status-publish","4":"has-post-thumbnail","6":"product_cat-inocos","8":"first","9":"instock","10":"shipping-taxable","11":"purchasable","12":"product-type-simple"},"acf":[],"_links":{"self":[{"href":"https:\/\/hasamiartigos.com\/pt\/wp-json\/wp\/v2\/product\/9294","targetHints":{"allow":["GET"]}}],"collection":[{"href":"https:\/\/hasamiartigos.com\/pt\/wp-json\/wp\/v2\/product"}],"about":[{"href":"https:\/\/hasamiartigos.com\/pt\/wp-json\/wp\/v2\/types\/product"}],"replies":[{"embeddable":true,"href":"https:\/\/hasamiartigos.com\/pt\/wp-json\/wp\/v2\/comments?post=9294"}],"version-history":[{"count":1,"href":"https:\/\/hasamiartigos.com\/pt\/wp-json\/wp\/v2\/product\/9294\/revisions"}],"predecessor-version":[{"id":9295,"href":"https:\/\/hasamiartigos.com\/pt\/wp-json\/wp\/v2\/product\/9294\/revisions\/9295"}],"wp:featuredmedia":[{"embeddable":true,"href":"https:\/\/hasamiartigos.com\/pt\/wp-json\/wp\/v2\/media\/9282"}],"wp:attachment":[{"href":"https:\/\/hasamiartigos.com\/pt\/wp-json\/wp\/v2\/media?parent=9294"}],"wp:term":[{"taxonomy":"product_brand","embeddable":true,"href":"https:\/\/hasamiartigos.com\/pt\/wp-json\/wp\/v2\/product_brand?post=9294"},{"taxonomy":"product_cat","embeddable":true,"href":"https:\/\/hasamiartigos.com\/pt\/wp-json\/wp\/v2\/product_cat?post=9294"},{"taxonomy":"product_tag","embeddable":true,"href":"https:\/\/hasamiartigos.com\/pt\/wp-json\/wp\/v2\/product_tag?post=9294"}],"curies":[{"name":"wp","href":"https:\/\/api.w.org\/{rel}","templated":true}]}}