{"id":9296,"date":"2026-05-13T05:46:04","date_gmt":"2026-05-13T05:46:04","guid":{"rendered":"https:\/\/hasamiartigos.com\/?post_type=product&#038;p=9296"},"modified":"2026-05-13T05:46:04","modified_gmt":"2026-05-13T05:46:04","slug":"inocos-nail-drill-glam-pro-pen-35000rpm","status":"publish","type":"product","link":"https:\/\/hasamiartigos.com\/pt\/produto\/inocos-nail-drill-glam-pro-pen-35000rpm\/","title":{"rendered":"Inocos &#8211; Nail Drill Glam Pro (Pen) 35000RPM"},"content":{"rendered":"<p><strong>Portuguese<\/strong><\/p>\n<p><strong>Inocos &#8211; Lixadora El\u00e9trica Glam Pro (Caneta) 35000 RPM<\/strong><\/p>\n<p>Broca ultrassilenciosa e com baixa vibra\u00e7\u00e3o, com painel t\u00e1ctil.<\/p>\n<p>Design elegante, acabamento resistente e manuseamento confort\u00e1vel.<\/p>\n<p>Compat\u00edvel com brocas de tamanho universal.<\/p>\n<p><strong>Especifica\u00e7\u00f5es:<\/strong><br \/>\nPot\u00eancia:<br \/>\nFrequ\u00eancia: 50\/60 Hz (m\u00e1x.)<br \/>\nRPM: 35000 rpm<br \/>\nTens\u00e3o de entrada: 100-240 V CA<br \/>\nTens\u00e3o de sa\u00edda: 3-18 V CC<br \/>\nRota\u00e7\u00e3o: bidirecional<br \/>\nCor: rosa blush<\/p>\n<p><strong>Este conjunto cont\u00e9m:<\/strong><br \/>\nCaneta<br \/>\nSuporte para caneta<br \/>\nConjunto de 4 brocas<\/p>\n<hr \/>\n<p><strong>English<\/strong><\/p>\n<p><strong>Inocos &#8211; Nail Drill Glam Pro (Pen) 35000RPM<\/strong><\/p>\n<p>Ultra-quiet, low-vibration drill bit with touch panel.<br \/>\nSleek design, tough finishes and handling<br \/>\ncomfortable.<br \/>\nCompatible with universal size drill bits.<\/p>\n<p><strong>Specifications:<\/strong><br \/>\nPower:<br \/>\nFrequency: 50\/60max.<br \/>\nRPM: 35000 rpm<br \/>\nInput voltage: 100-240v ac<br \/>\nOutput voltage: 3-18v dc<br \/>\nRotation: two way<br \/>\nColor: blush pink<\/p>\n<p><strong>This set contains:<\/strong><br \/>\nPen<br \/>\nPen holder<br \/>\nSet of 4 drill bits<\/p>","protected":false},"excerpt":{"rendered":"<p>Portuguese Inocos &#8211; Lixadora El\u00e9trica Glam Pro (Caneta) 35000 RPM Broca ultrassilenciosa e com baixa vibra\u00e7\u00e3o, com painel t\u00e1ctil. Design elegante, acabamento resistente e manuseamento confort\u00e1vel. Compat\u00edvel com brocas de tamanho universal. Especifica\u00e7\u00f5es: Pot\u00eancia: Frequ\u00eancia: 50\/60 Hz (m\u00e1x.) RPM: 35000 rpm Tens\u00e3o de entrada: 100-240 V CA Tens\u00e3o de sa\u00edda: 3-18 V CC Rota\u00e7\u00e3o: bidirecional [&hellip;]<\/p>","protected":false},"featured_media":9281,"comment_status":"open","ping_status":"closed","template":"","meta":[],"product_brand":[],"product_cat":[191],"product_tag":[],"class_list":{"0":"post-9296","1":"product","2":"type-product","3":"status-publish","4":"has-post-thumbnail","6":"product_cat-inocos","8":"first","9":"instock","10":"shipping-taxable","11":"purchasable","12":"product-type-simple"},"acf":[],"_links":{"self":[{"href":"https:\/\/hasamiartigos.com\/pt\/wp-json\/wp\/v2\/product\/9296","targetHints":{"allow":["GET"]}}],"collection":[{"href":"https:\/\/hasamiartigos.com\/pt\/wp-json\/wp\/v2\/product"}],"about":[{"href":"https:\/\/hasamiartigos.com\/pt\/wp-json\/wp\/v2\/types\/product"}],"replies":[{"embeddable":true,"href":"https:\/\/hasamiartigos.com\/pt\/wp-json\/wp\/v2\/comments?post=9296"}],"version-history":[{"count":1,"href":"https:\/\/hasamiartigos.com\/pt\/wp-json\/wp\/v2\/product\/9296\/revisions"}],"predecessor-version":[{"id":9297,"href":"https:\/\/hasamiartigos.com\/pt\/wp-json\/wp\/v2\/product\/9296\/revisions\/9297"}],"wp:featuredmedia":[{"embeddable":true,"href":"https:\/\/hasamiartigos.com\/pt\/wp-json\/wp\/v2\/media\/9281"}],"wp:attachment":[{"href":"https:\/\/hasamiartigos.com\/pt\/wp-json\/wp\/v2\/media?parent=9296"}],"wp:term":[{"taxonomy":"product_brand","embeddable":true,"href":"https:\/\/hasamiartigos.com\/pt\/wp-json\/wp\/v2\/product_brand?post=9296"},{"taxonomy":"product_cat","embeddable":true,"href":"https:\/\/hasamiartigos.com\/pt\/wp-json\/wp\/v2\/product_cat?post=9296"},{"taxonomy":"product_tag","embeddable":true,"href":"https:\/\/hasamiartigos.com\/pt\/wp-json\/wp\/v2\/product_tag?post=9296"}],"curies":[{"name":"wp","href":"https:\/\/api.w.org\/{rel}","templated":true}]}}