{"id":9298,"date":"2026-05-13T05:54:29","date_gmt":"2026-05-13T05:54:29","guid":{"rendered":"https:\/\/hasamiartigos.com\/?post_type=product&#038;p=9298"},"modified":"2026-05-13T05:54:29","modified_gmt":"2026-05-13T05:54:29","slug":"inocos-lamp-catalisador-90w-led-uv","status":"publish","type":"product","link":"https:\/\/hasamiartigos.com\/pt\/produto\/inocos-lamp-catalisador-90w-led-uv\/","title":{"rendered":"INOCOS &#8211; Lamp Catalisador 90W LED-UV"},"content":{"rendered":"<p><strong>Portuguese<\/strong><\/p>\n<p><strong>INOCOS &#8211; L\u00e2mpada Catalisadora LED-UV 90W<\/strong><\/p>\n<p>45 LEDs &#8211; Sem \u00e2ngulos mortos<br \/>\nCom ventilador<br \/>\nTemporizador Rainbow<br \/>\n4 modos de temporizador [10s; 30s; 60s; Modo de baixa temperatura &#8211; indolor]<br \/>\nVisor digital<br \/>\nBase de metal remov\u00edvel &#8211; para facilitar a pedicure<br \/>\nManual do utilizador inclu\u00eddo<br \/>\nEntrada DC 24V\/3,75A<\/p>\n<p><strong>Dimens\u00f5es:<\/strong> 240x200x130mm<br \/>\n<strong>Comprimento de onda:<\/strong> 365~405nm<br \/>\nCertifica\u00e7\u00e3o CE<\/p>\n<hr \/>\n<p><strong>English<\/strong><\/p>\n<p><strong>INOCOS &#8211; Lamp Catalisador 90W LED-UV<\/strong><\/p>\n<p>45 LEDs &#8211; Zero blind spots<br \/>\nWith Fan<br \/>\nRainbow Timer<br \/>\n4 Timer Modes [10s; 30s; 60s; Low Heat Mode &#8211; Pain-Free]<br \/>\nDigital Display<br \/>\nRemovable Metal Base &#8211; for easier pedicure<br \/>\nUser manual included<br \/>\nDC INPUT 24V\/3.75A<\/p>\n<p><strong>DIMENSIONS:<\/strong> 240x200x130mm<\/p>\n<p><strong>WAVELENGTH:<\/strong> 365~405nm<br \/>\nCE Certified<\/p>","protected":false},"excerpt":{"rendered":"<p>Portuguese INOCOS &#8211; L\u00e2mpada Catalisadora LED-UV 90W 45 LEDs &#8211; Sem \u00e2ngulos mortos Com ventilador Temporizador Rainbow 4 modos de temporizador [10s; 30s; 60s; Modo de baixa temperatura &#8211; indolor] Visor digital Base de metal remov\u00edvel &#8211; para facilitar a pedicure Manual do utilizador inclu\u00eddo Entrada DC 24V\/3,75A Dimens\u00f5es: 240x200x130mm Comprimento de onda: 365~405nm Certifica\u00e7\u00e3o [&hellip;]<\/p>","protected":false},"featured_media":9280,"comment_status":"open","ping_status":"closed","template":"","meta":[],"product_brand":[],"product_cat":[191],"product_tag":[],"class_list":{"0":"post-9298","1":"product","2":"type-product","3":"status-publish","4":"has-post-thumbnail","6":"product_cat-inocos","8":"first","9":"instock","10":"shipping-taxable","11":"purchasable","12":"product-type-simple"},"acf":[],"_links":{"self":[{"href":"https:\/\/hasamiartigos.com\/pt\/wp-json\/wp\/v2\/product\/9298","targetHints":{"allow":["GET"]}}],"collection":[{"href":"https:\/\/hasamiartigos.com\/pt\/wp-json\/wp\/v2\/product"}],"about":[{"href":"https:\/\/hasamiartigos.com\/pt\/wp-json\/wp\/v2\/types\/product"}],"replies":[{"embeddable":true,"href":"https:\/\/hasamiartigos.com\/pt\/wp-json\/wp\/v2\/comments?post=9298"}],"version-history":[{"count":1,"href":"https:\/\/hasamiartigos.com\/pt\/wp-json\/wp\/v2\/product\/9298\/revisions"}],"predecessor-version":[{"id":9299,"href":"https:\/\/hasamiartigos.com\/pt\/wp-json\/wp\/v2\/product\/9298\/revisions\/9299"}],"wp:featuredmedia":[{"embeddable":true,"href":"https:\/\/hasamiartigos.com\/pt\/wp-json\/wp\/v2\/media\/9280"}],"wp:attachment":[{"href":"https:\/\/hasamiartigos.com\/pt\/wp-json\/wp\/v2\/media?parent=9298"}],"wp:term":[{"taxonomy":"product_brand","embeddable":true,"href":"https:\/\/hasamiartigos.com\/pt\/wp-json\/wp\/v2\/product_brand?post=9298"},{"taxonomy":"product_cat","embeddable":true,"href":"https:\/\/hasamiartigos.com\/pt\/wp-json\/wp\/v2\/product_cat?post=9298"},{"taxonomy":"product_tag","embeddable":true,"href":"https:\/\/hasamiartigos.com\/pt\/wp-json\/wp\/v2\/product_tag?post=9298"}],"curies":[{"name":"wp","href":"https:\/\/api.w.org\/{rel}","templated":true}]}}