{"id":9300,"date":"2026-05-13T05:58:09","date_gmt":"2026-05-13T05:58:09","guid":{"rendered":"https:\/\/hasamiartigos.com\/?post_type=product&#038;p=9300"},"modified":"2026-05-13T05:58:09","modified_gmt":"2026-05-13T05:58:09","slug":"inocos-lamp-care-portable-led-uv-72w","status":"publish","type":"product","link":"https:\/\/hasamiartigos.com\/pt\/produto\/inocos-lamp-care-portable-led-uv-72w\/","title":{"rendered":"INOCOS &#8211; LAMP CARE PORTABLE &#8211; LED\/UV 72W"},"content":{"rendered":"<p><strong>Portuguese<\/strong><\/p>\n<p><strong>INOCOS &#8211; L\u00c2MPADA PORT\u00c1TIL PARA CUIDADOS DA PELE &#8211; LED\/UV 72W<\/strong><\/p>\n<p>Apresentamos a L\u00e2mpada Port\u00e1til para o Cuidado da Pele INOCOS.<\/p>\n<p>Esta l\u00e2mpada port\u00e1til possui uma bateria com uma dura\u00e7\u00e3o de at\u00e9 6 horas. A luz vermelha ajuda a reverter os sinais de envelhecimento da pele, manchas, vermelhid\u00e3o e cicatrizes.<\/p>\n<p><strong>Fun\u00e7\u00f5es:<\/strong><br \/>\nLuz Violeta: Catalisador<br \/>\nLuz Rosa: Catalisador e Cuidados com a Pele<br \/>\nLuz Vermelha: Cuidados com a Pele<\/p>\n<p><strong>Caracter\u00edsticas:<\/strong><br \/>\nBase Remov\u00edvel &#8211; Pedicure mais pr\u00e1tica<br \/>\nFixa\u00e7\u00e3o magn\u00e9tica f\u00e1cil<br \/>\nLuz LED\/UV 360\u00b0 &#8211; Sem \u00e2ngulos mortos<br \/>\nPainel de toque<\/p>\n<hr \/>\n<p><strong>English<\/strong><\/p>\n<p><strong>INOCOS &#8211; LAMP CARE PORTABLE &#8211; LED\/UV 72W<\/strong><\/p>\n<p>Introducing the INOCOS Portable Lamp Care.<br \/>\nThis portable lamp has a battery life of up to 6 hours. The red light helps reverse signs of skin aging, blemishes, redness, and scars.<\/p>\n<p><strong>Functions:<\/strong><br \/>\nViolet Light: Catalysis<br \/>\nPink Light: Catalysis and Skin Care<br \/>\nRed Light: Skin Care<\/p>\n<p><strong>Features:<\/strong><br \/>\nRemovable Base &#8211; More practical pedicure<br \/>\nEasy magnetic attachment<br \/>\n360\u00b0 LED\/UV Light &#8211; Zero blind spots<br \/>\nTouch Panel<\/p>","protected":false},"excerpt":{"rendered":"<p>Portuguese INOCOS &#8211; L\u00c2MPADA PORT\u00c1TIL PARA CUIDADOS DA PELE &#8211; LED\/UV 72W Apresentamos a L\u00e2mpada Port\u00e1til para o Cuidado da Pele INOCOS. Esta l\u00e2mpada port\u00e1til possui uma bateria com uma dura\u00e7\u00e3o de at\u00e9 6 horas. A luz vermelha ajuda a reverter os sinais de envelhecimento da pele, manchas, vermelhid\u00e3o e cicatrizes. Fun\u00e7\u00f5es: Luz Violeta: Catalisador [&hellip;]<\/p>","protected":false},"featured_media":9301,"comment_status":"open","ping_status":"closed","template":"","meta":[],"product_brand":[],"product_cat":[191],"product_tag":[],"class_list":{"0":"post-9300","1":"product","2":"type-product","3":"status-publish","4":"has-post-thumbnail","6":"product_cat-inocos","8":"first","9":"instock","10":"shipping-taxable","11":"purchasable","12":"product-type-simple"},"acf":[],"_links":{"self":[{"href":"https:\/\/hasamiartigos.com\/pt\/wp-json\/wp\/v2\/product\/9300","targetHints":{"allow":["GET"]}}],"collection":[{"href":"https:\/\/hasamiartigos.com\/pt\/wp-json\/wp\/v2\/product"}],"about":[{"href":"https:\/\/hasamiartigos.com\/pt\/wp-json\/wp\/v2\/types\/product"}],"replies":[{"embeddable":true,"href":"https:\/\/hasamiartigos.com\/pt\/wp-json\/wp\/v2\/comments?post=9300"}],"version-history":[{"count":1,"href":"https:\/\/hasamiartigos.com\/pt\/wp-json\/wp\/v2\/product\/9300\/revisions"}],"predecessor-version":[{"id":9302,"href":"https:\/\/hasamiartigos.com\/pt\/wp-json\/wp\/v2\/product\/9300\/revisions\/9302"}],"wp:featuredmedia":[{"embeddable":true,"href":"https:\/\/hasamiartigos.com\/pt\/wp-json\/wp\/v2\/media\/9301"}],"wp:attachment":[{"href":"https:\/\/hasamiartigos.com\/pt\/wp-json\/wp\/v2\/media?parent=9300"}],"wp:term":[{"taxonomy":"product_brand","embeddable":true,"href":"https:\/\/hasamiartigos.com\/pt\/wp-json\/wp\/v2\/product_brand?post=9300"},{"taxonomy":"product_cat","embeddable":true,"href":"https:\/\/hasamiartigos.com\/pt\/wp-json\/wp\/v2\/product_cat?post=9300"},{"taxonomy":"product_tag","embeddable":true,"href":"https:\/\/hasamiartigos.com\/pt\/wp-json\/wp\/v2\/product_tag?post=9300"}],"curies":[{"name":"wp","href":"https:\/\/api.w.org\/{rel}","templated":true}]}}